{"id":10,"date":"2024-11-21T10:28:21","date_gmt":"2024-11-21T10:28:21","guid":{"rendered":"https:\/\/naszehostele.pl\/?page_id=10"},"modified":"2024-11-22T09:58:29","modified_gmt":"2024-11-22T09:58:29","slug":"oferta","status":"publish","type":"page","link":"https:\/\/naszehostele.pl\/en\/","title":{"rendered":"OFFER"},"content":{"rendered":"<div data-elementor-type=\"wp-page\" data-elementor-id=\"10\" class=\"elementor elementor-10\" data-elementor-post-type=\"page\">\n\t\t\t\t<div class=\"elementor-element elementor-element-f4f13db e-flex e-con-boxed e-con e-parent\" data-id=\"f4f13db\" data-element_type=\"container\">\n\t\t\t\t\t<div class=\"e-con-inner\">\n\t\t\t\t<div class=\"elementor-element elementor-element-ec9f38d elementor-widget elementor-widget-heading\" data-id=\"ec9f38d\" data-element_type=\"widget\" data-widget_type=\"heading.default\">\n\t\t\t\t<div class=\"elementor-widget-container\">\n\t\t\t<h2 class=\"elementor-heading-title elementor-size-default\">HOSTEL ORANGE TORU\u0143<\/h2>\t\t<\/div>\n\t\t\t\t<\/div>\n\t\t\t\t<div class=\"elementor-element elementor-element-d759a22 font a-oferta elementor-widget elementor-widget-text-editor\" data-id=\"d759a22\" data-element_type=\"widget\" data-widget_type=\"text-editor.default\">\n\t\t\t\t<div class=\"elementor-widget-container\">\n\t\t\t\t\t\t\t<article class=\"bd-article-7\"><div class=\"bd-layoutbox-5 bd-no-margins clearfix\"><div class=\"bd-container-inner\"><div class=\"bd-postcontent-7 bd-tagstyles bd-custom-blockquotes bd-custom-bulletlist bd-custom-orderedlist bd-custom-table bd-contentlayout-offset\"><article class=\"bd-article-4\"><div class=\"bd-postcontent-4 bd-tagstyles  bd-contentlayout-offset\"><p>We invite you to our accommodation facilities located in the Toru\u0144 Old Town near the New Town Square \u2013 Hostel Orange at ul. Prosta 19 and Hostel Orange Plus at ul. J\u0119czmienna 11.<\/p><p>We offer a total of 63 beds in 1, 2, 3, 4, 10 and 12 person rooms. In multi-person rooms, all cabinets are lockable.<\/p><p>This number of places allows us to accommodate groups. So if you are interested in a stay with a larger group, we have a special price offer.<\/p><p>The hostels are located in the very center of the city, so you can be sure that everything you need to see in Toru\u0144 is close by. Hostel Orange &amp; Hostel Orange Plus are ideal places for individuals, couples, families with children and school and student groups.<br \/>Cozy decor, convenient location and nice atmosphere will make your stay in Toru\u0144 a success.<\/p><p>The hostel day starts at 4:00 p.m. in the Orange Hostel, and at 2:00 p.m. in the Orange Plus Hostel, and lasts until 12:00 p.m. (in both facilities) the following day.<br \/>Reception (key collection) is located at Hostel Orange at ul. Prosta 19.<br \/>We also offer self-service check-ins!<\/p><p>Hostel Orange &amp; Hostel Orange Plus is a good choice, we guarantee you:<br \/>- excellent location<br \/>\u2013 free Internet (Wi-Fi)<br \/>\u2013 fully equipped kitchenette<br \/>\u2013 free coffee and tea 24\/7<br \/>\u2013 free rental of a hairdryer, iron and ironing board<br \/>\u2013 free luggage storage before and after check-out<br \/>\u2013 towel rental (extra charge)<br \/>\u2013 Satellite TV in the living room<\/p><p>A friendly and competent team of employees will be happy to answer all your questions.<\/p><p>We cordially invite you!<\/p><\/div><\/article><\/div><\/div><\/div><\/article>\t\t\t\t\t\t<\/div>\n\t\t\t\t<\/div>\n\t\t\t\t\t<\/div>\n\t\t\t\t<\/div>\n\t\t\t\t<\/div>","protected":false},"excerpt":{"rendered":"<p>HOSTEL ORANGE TORU\u0143 Zapraszamy Pa\u0144stwa do naszych obiekt\u00f3w noclegowych zlokalizowanych na toru\u0144skim Starym Mie\u015bcie w pobli\u017cu Rynku Nowomiejskiego &#8211; Hostelu Orange przy ul. Prostej 19 i Hostelu Orange Plus przy ul. J\u0119czmiennej 11. Do Pa\u0144stwa dyspozycji oddajemy \u0142\u0105cznie 63 miejsca noclegowe w pokojach 1-, 2-, 3-, 4-, 10- i 12-osobowych. W pokojach wieloosobowych wszystkie szafki [&hellip;]<\/p>","protected":false},"author":1,"featured_media":0,"parent":0,"menu_order":0,"comment_status":"closed","ping_status":"closed","template":"","meta":{"footnotes":""},"class_list":["post-10","page","type-page","status-publish","hentry"],"_links":{"self":[{"href":"https:\/\/naszehostele.pl\/en\/wp-json\/wp\/v2\/pages\/10","targetHints":{"allow":["GET"]}}],"collection":[{"href":"https:\/\/naszehostele.pl\/en\/wp-json\/wp\/v2\/pages"}],"about":[{"href":"https:\/\/naszehostele.pl\/en\/wp-json\/wp\/v2\/types\/page"}],"author":[{"embeddable":true,"href":"https:\/\/naszehostele.pl\/en\/wp-json\/wp\/v2\/users\/1"}],"replies":[{"embeddable":true,"href":"https:\/\/naszehostele.pl\/en\/wp-json\/wp\/v2\/comments?post=10"}],"version-history":[{"count":46,"href":"https:\/\/naszehostele.pl\/en\/wp-json\/wp\/v2\/pages\/10\/revisions"}],"predecessor-version":[{"id":387,"href":"https:\/\/naszehostele.pl\/en\/wp-json\/wp\/v2\/pages\/10\/revisions\/387"}],"wp:attachment":[{"href":"https:\/\/naszehostele.pl\/en\/wp-json\/wp\/v2\/media?parent=10"}],"curies":[{"name":"wp","href":"https:\/\/api.w.org\/{rel}","templated":true}]}}